{"id":2618,"date":"2016-04-26T22:51:00","date_gmt":"2016-04-26T22:51:00","guid":{"rendered":"https:\/\/safelizwellness.com\/?page_id=2618"},"modified":"2018-05-31T12:19:03","modified_gmt":"2018-05-31T12:19:03","slug":"privacy-policy","status":"publish","type":"page","link":"https:\/\/safelizwellness.com\/fr\/privacy-policy\/","title":{"rendered":"Politique de confidentialit\u00e9 et cookies"},"content":{"rendered":"<p>&nbsp;<\/p>\n<p><strong>Editorial Safeliz<\/strong>, consciente de los derechos individuales, en particular, con respecto al tratamiento automatizado, y con un compromiso de transparencia con sus clientes, ha implementado una pol\u00edtica que cubre todos estos tratamientos, los efectos de este \u00faltimo y medios disponibles para los Usuarios puedan conocer y ejercer mejor sus derechos.<\/p>\n<p>Para m\u00e1s informaci\u00f3n sobre la protecci\u00f3n de datos personales, por favor visite: https:\/\/www.AEPD.es<\/p>\n<p>&nbsp;<\/p>\n<p><strong>1. Responsable del tratamiento<\/strong><\/p>\n<p>Sus datos se recogen por:<\/p>\n<p>Editorial Safeliz SL Domiciliada en Calle Pradillo 6, 28770 Colmenar Viejo, Madrid, bajo el n\u00famero CIF: B28057164 siendo la direcci\u00f3n electr\u00f3nica: info@safeliz.com<\/p>\n<p>El &#8220;Portal&#8221; se refiere a cualquiera de los siguientes sitios webs:<\/p>\n<p>www.safeliz.com<\/p>\n<p>www.publicacionesadventistas.com<\/p>\n<p>www.safelizbibles.com<\/p>\n<p>www.educacionysalud.es<\/p>\n<p>&nbsp;<\/p>\n<p>AVISO LEGAL<\/p>\n<p>Editorial Safeliz SL<\/p>\n<p>Calle Pradillo 6, 28770 Colmenar Viejo, Madrid<\/p>\n<p>CIF: B28057164<\/p>\n<p>E-mail: info@safeliz.com<\/p>\n<p>&nbsp;<\/p>\n<p>De acuerdo con la la Ley Org\u00e1nica 15\/1999, de 13 de diciembre, de Protecci\u00f3n de Datos de Car\u00e1cter Personal, sobre esa informaci\u00f3n puede ejercitar los derechos de acceso, rectificaci\u00f3n, cancelaci\u00f3n y oposici\u00f3n con nuestro servicio comercial. Usted tiene derecho a acceder, modificar, rectificar y cancelar los datos que le conciernen (arts. 15, 16, 17 de la Ley de Protecci\u00f3n de Datos de Car\u00e1cter Personal). Para ello, p\u00f3ngase en contacto con: Editorial Safeliz, Calle Pradillo 6, 28770 Colmenar Viejo, Madrid, o por correo electr\u00f3nico a la direcci\u00f3n: dpd(arroba)safeliz.com, mediante solicitud escrita y firmada, adjuntando fotocopia del DNI o documento equivalente.<\/p>\n<p>&nbsp;<\/p>\n<p><strong>2. Identificaci\u00f3n de los datos recogidos. La finalidad y uso de los datos procesados <\/strong><\/p>\n<p>Para garantizar estos compromisos contractuales con sus clientes, Editorial Safeliz realizar\u00e1 la recogida de los datos necesarios para la ejecuci\u00f3n de sus servicios. Estos datos se recogen cuando el cliente o usuario:<\/p>\n<ul>\n<li>crea un espacio o cuenta personal en uno de los sitios web de Editorial Safeliz;<\/li>\n<li>lleva a cabo una solicitud de informaci\u00f3n sobre uno de los sitios web de Editorial Safeliz;<\/li>\n<li>lleva a cabo un pedido en uno de los sitios web de Editorial Safeliz o cualquier otro medio;<\/li>\n<li>navega en una de los sitios web de Editorial Safeliz y \/ o consulta los productos;<\/li>\n<li>se pone en contacto con los Servicios de Atenci\u00f3n al Cliente;<\/li>\n<\/ul>\n<p>El usuario deber\u00e1 rellenar los formularios que se contengan con datos verdaderos, exactos, completos y actualizados, respondiendo de los da\u00f1os y perjuicios que pudiera ocasionar a Editorial Safeliz o a terceros como consecuencia de la inobservancia de tales aspectos. Editorial Safeliz podr\u00e1 impedir la introducci\u00f3n y\/o remisi\u00f3n de los datos personales del\/la interesado\/a cuando \u00e9ste no haya aceptado, o no lo haya hecho de forma leg\u00edtima, con car\u00e1cter previo las condiciones espec\u00edficas de tratamiento de datos personales dispuestas e informadas en las condiciones y avisos legales a los que se sujeta el Portal.<\/p>\n<p>Nuestros servicios est\u00e1n dirigidos a mayores de edad.<\/p>\n<p>&nbsp;<\/p>\n<p><strong>3. Alojamiento de datos <\/strong><\/p>\n<p>Todos los datos recogidos y tratados por Editorial Safeliz est\u00e1n alojados dentro de la Uni\u00f3n Europea. Safeliz ha adoptado y aplica los niveles de seguridad legalmente requeridos por la legislaci\u00f3n espa\u00f1ola respecto a los datos personales bajo su responsabilidad, en funci\u00f3n de los correspondientes niveles de seguridad detectados, y procurar\u00e1 instalar y\/o aplicar medios y medidas t\u00e9cnicas u organizativas de protecci\u00f3n adicionales de cara a reforzar la seguridad general de los ficheros con datos personales, sistemas, entorno de comunicaciones y organizaci\u00f3n corporativa. No obstante, el\/la usuario\/a debe ser consciente de que las medidas de seguridad en Internet no son, en modo alguno, inexpugnables. A estos efectos considerar\u00e1 de forma especial las medidas de seguridad y dem\u00e1s obligaciones de seguridad asociadas al Reglamento General europeo de Protecci\u00f3n de Datos (RGPD).<\/p>\n<p>&nbsp;<\/p>\n<p><strong>4. Deber de secreto y confidencialidad<\/strong><\/p>\n<p>Editorial Safeliz se compromete a cumplir con el deber de secreto y de confidencialidad respecto a los datos personales contenidos en los ficheros con datos personales bajo su responsabilidad, de acuerdo con la legislaci\u00f3n que, en cada momento, resulte aplicable.<\/p>\n<p>&nbsp;<\/p>\n<p><strong>5. Datos bancarios <\/strong><\/p>\n<p>Los datos bancarios son gestionados por la empresa RedSys.<\/p>\n<p>&nbsp;<\/p>\n<p><strong>6. Destino de los datos recogidos <\/strong><\/p>\n<p>Con car\u00e1cter general, sus datos no se ceder\u00e1n a terceros salvo que as\u00ed lo establezca o imponga una ley.<\/p>\n<p>&nbsp;<\/p>\n<p><strong>7. Per\u00edodo de retenci\u00f3n de datos <\/strong><\/p>\n<p>Los datos se almacenan y se utilizan para un periodo adecuado conforme a la legislaci\u00f3n vigente.<\/p>\n<p>&nbsp;<\/p>\n<p><strong>8. Contrase\u00f1a <\/strong><\/p>\n<p>Cada nombre de usuario y la contrase\u00f1a es de uso y destino \u00fanico y exclusivo de la persona que los crea. Para garantizar la seguridad de los datos, es importante tomar las siguientes precauciones b\u00e1sicas:<\/p>\n<ul>\n<li>Se recomienda que la contrase\u00f1a contenga m\u00e1s de doce caracteres y se incluya en particular una letra may\u00fascula, d\u00edgitos, puntuaci\u00f3n o un car\u00e1cter especial;<\/li>\n<li>La contrase\u00f1a creada no debe ser vinculada a una parte de su vida;<\/li>\n<li>Cada cuenta debe tener su propia contrase\u00f1a.<\/li>\n<\/ul>\n<p>&nbsp;<\/p>\n<p><strong>9. El uso de &#8220;cookies&#8221; <\/strong><\/p>\n<p>Tal y como establece el considerando 30 del Reglamento (UE) 2016\/679 del Parlamento Europeo y del Consejo, de 27 de abril de 2016 relativo a la protecci\u00f3n de las personas f\u00edsicas en lo que respecta al tratamiento de datos personales y a la libre circulaci\u00f3n de estos datos y por el que se deroga la Directiva 95\/46\/CE (Reglamento general de protecci\u00f3n de datos) las personas f\u00edsicas pueden ser asociadas a identificadores en l\u00ednea facilitados por sus dispositivos, aplicaciones, herramientas y protocolos, como direcciones de los protocolos de internet, identificadores de sesi\u00f3n en forma de \u00abcookies\u00bb u otros identificadores, como etiquetas de identificaci\u00f3n por radiofrecuencia. Esto puede dejar huellas que, en particular, al ser combinadas con identificadores \u00fanicos y otros datos recibidos por los servidores, pueden ser utilizadas para elaborar perfiles de las personas f\u00edsicas e identificarlas. Por este motivo, los responsables de tratamiento, en este caso Editorial Safeliz, cuenta con una pol\u00edtica de cookies coherente con la normativa aplicable.<\/p>\n<p>&nbsp;<\/p>\n<p><strong>Consentimiento del usuario y cookies: regla general y excepci\u00f3n. <\/strong><\/p>\n<p>Con car\u00e1cter general, cuando la instalaci\u00f3n y\/o utilizaci\u00f3n de cookies conlleve el tratamiento de datos personales, ya se trate de cookies propias o de terceros, de sesi\u00f3n o persistentes, se deber\u00e1 pedir por los respectivos responsables el previo consentimiento informado del usuario para instalar y\/o utilizar aqu\u00e9llas. Deben cumplimentarse, por consiguiente, ambas obligaciones: el deber de informaci\u00f3n; y la obtenci\u00f3n del consentimiento del usuario.<\/p>\n<p>Se except\u00faan \u00fanicamente de tal consentimiento aqu\u00e9llas que permitan, de forma exclusiva, la comunicaci\u00f3n entre el equipo del usuario y la red y, estrictamente, aqu\u00e9llas utilizadas para prestar un servicio solicitado por el usuario. Por ejemplo, quedar\u00edan exceptuadas las denominadas \u201ccookies t\u00e9cnicas\u201d (p.ej., las necesarias para la misma navegaci\u00f3n por la plataforma u aplicaci\u00f3n); \u201clas de personalizaci\u00f3n o configuraci\u00f3n\u201d (p.ej., que permiten que la p\u00e1gina reconozca el idioma del usuario, etc.); y \u201clas de seguridad\u201d (p.ej., detectar intentos err\u00f3neos y reiterados de conexi\u00f3n a un sitio).<\/p>\n<p>&nbsp;<\/p>\n<p><strong>Pol\u00edticas legales integradas.<\/strong><\/p>\n<p>A tenor de lo anterior, la pol\u00edtica de cookies se complementa e integra con los actuales t\u00e9rminos, avisos y condiciones legales y de privacidad del Portal accesibles desde el mismo. \u00bfSe sirven cookies en este Portal?, \u00bfQu\u00e9 son? Se utilizan cookies, es decir, archivos o dispositivos que se descargan en el equipo terminal del usuario (ordenador personal, un smartphone, una tablet, etc.), con independencia de su car\u00e1cter, y con la finalidad de almacenar datos que podr\u00e1n ser actualizados y recuperados por la entidad responsable de su instalaci\u00f3n. Las cookies permiten la navegaci\u00f3n por el Portal, as\u00ed como ciertas utilidades y servicios del mismo, por lo que le advertimos que su inhabilitaci\u00f3n o bloqueo puede afectar al uso del mismo, as\u00ed como de las citadas utilidades y servicios dispuestos a trav\u00e9s de aqu\u00e9l.<\/p>\n<p>&nbsp;<\/p>\n<p><strong>\u00bfQu\u00e9 cookies utilizamos? <\/strong><\/p>\n<p>Las cookies podr\u00e1n ser propias y de terceros. Las cookies propias son las que se env\u00edan o sirven al equipo terminal del usuario desde el Portal (editor) siendo gestionadas por \u00e9ste, mientras que las cookies de terceros son las que se env\u00edan o sirven al equipo terminal del usuario desde otros dominios o equipos no gestionados por nuestro Portal (editor), sino por otra entidad que trata los datos obtenidos trav\u00e9s de las cookies.<\/p>\n<p>Asimismo, las anteriores cookies pueden ser de sesi\u00f3n o persistentes. Las primeras son un tipo de cookies dise\u00f1adas para recabar y almacenar datos mientras el usuario accede al Portal con la finalidad principal de almacenar informaci\u00f3n que solo interesa conservar para la prestaci\u00f3n del servicio solicitado por el usuario en una sola ocasi\u00f3n. Sin embargo, con las segundas los datos siguen almacenados en el terminal del usuario y pueden ser accedidos y tratados durante un per\u00edodo definido por el responsable de la cookie.<\/p>\n<p>Las cookies tambi\u00e9n pueden ser t\u00e9cnicas al permitir al usuario la navegaci\u00f3n a trav\u00e9s del Portal y la utilizaci\u00f3n de las diferentes opciones o servicios dispuestos a trav\u00e9s del mismo por ejemplo, controlar el tr\u00e1fico y la comunicaci\u00f3n de datos, identificar la sesi\u00f3n, acceder a partes de acceso restringido, recordar los elementos que integran una petici\u00f3n contractual, utilizar elementos de seguridad durante la navegaci\u00f3n, almacenar contenidos para la difusi\u00f3n de videos o sonido o compartir contenidos a trav\u00e9s de redes sociales. Tambi\u00e9n pueden ser de personalizaci\u00f3n, refiri\u00e9ndose a aqu\u00e9llas que permiten al usuario acceder al servicio con algunas caracter\u00edsticas predefinidas en funci\u00f3n de ciertos criterios asociados a su propio terminal, por ejemplo, el tipo de navegador a trav\u00e9s del cual accede al servicio, la configuraci\u00f3n regional desde donde accede al servicio, etc.<\/p>\n<p>Nuestras cookies pueden ser anal\u00edticas, que son aqu\u00e9llas que permiten al responsable de las mismas, el seguimiento y an\u00e1lisis del comportamiento de los usuarios de los sitios web a los que est\u00e1n vinculadas.<\/p>\n<p>La informaci\u00f3n recogida mediante este tipo de cookies se utiliza en la medici\u00f3n de la actividad del Portal y para la elaboraci\u00f3n de perfiles de navegaci\u00f3n de los usuarios en aqu\u00e9l, con el fin de introducir mejoras en funci\u00f3n del an\u00e1lisis de los datos de uso que hacen los usuarios del servicio. La informaci\u00f3n y consentimiento para el uso de cookies se realiza por separado para cada uno de los sitios web\/Portal de Editorial Safeliz.<\/p>\n<p>&nbsp;<\/p>\n<p><strong>\u00bfC\u00f3mo puedo controlar el uso de &#8220;cookies&#8221;? <\/strong><\/p>\n<p>Para obtener m\u00e1s informaci\u00f3n sobre el uso, manejo y eliminaci\u00f3n de las &#8220;cookies&#8221; para cualquier tipo de navegador, por favor visite los siguientes enlaces:<\/p>\n<p>Explorer: https:\/\/support.microsoft.com\/es-es\/kb\/278835<\/p>\n<p>Chrome: https:\/\/support.google.com\/chrome\/bin\/answer.py?hl=es&amp;answer=95647<\/p>\n<p>Firefox: https:\/\/support.mozilla.org\/es\/kb\/Borrar%20cookies<\/p>\n<p>Safari: https:\/\/support.apple.com\/kb\/ph5042<\/p>\n","protected":false},"excerpt":{"rendered":"<p>&nbsp; Editorial Safeliz, consciente de los derechos individuales, en particular, con respecto al tratamiento automatizado, y con un compromiso de transparencia con sus clientes, ha implementado una pol\u00edtica que cubre todos estos tratamientos, los efectos de este \u00faltimo y medios disponibles para los Usuarios puedan conocer y ejercer mejor sus derechos. Para m\u00e1s informaci\u00f3n sobre &hellip;<\/p>\n","protected":false},"author":886,"featured_media":0,"parent":0,"menu_order":0,"comment_status":"closed","ping_status":"closed","template":"","meta":[],"_links":{"self":[{"href":"https:\/\/safelizwellness.com\/fr\/wp-json\/wp\/v2\/pages\/2618"}],"collection":[{"href":"https:\/\/safelizwellness.com\/fr\/wp-json\/wp\/v2\/pages"}],"about":[{"href":"https:\/\/safelizwellness.com\/fr\/wp-json\/wp\/v2\/types\/page"}],"author":[{"embeddable":true,"href":"https:\/\/safelizwellness.com\/fr\/wp-json\/wp\/v2\/users\/886"}],"replies":[{"embeddable":true,"href":"https:\/\/safelizwellness.com\/fr\/wp-json\/wp\/v2\/comments?post=2618"}],"version-history":[{"count":5,"href":"https:\/\/safelizwellness.com\/fr\/wp-json\/wp\/v2\/pages\/2618\/revisions"}],"predecessor-version":[{"id":5375,"href":"https:\/\/safelizwellness.com\/fr\/wp-json\/wp\/v2\/pages\/2618\/revisions\/5375"}],"wp:attachment":[{"href":"https:\/\/safelizwellness.com\/fr\/wp-json\/wp\/v2\/media?parent=2618"}],"curies":[{"name":"wp","href":"https:\/\/api.w.org\/{rel}","templated":true}]}}