{"id":1274,"date":"2014-04-29T02:05:26","date_gmt":"2014-04-29T02:05:26","guid":{"rendered":"https:\/\/tokokoodemo.us\/papirus\/books\/?page_id=1274"},"modified":"2016-11-18T01:31:39","modified_gmt":"2016-11-18T01:31:39","slug":"contactar","status":"publish","type":"page","link":"https:\/\/safelizwellness.com\/fr\/contactar\/","title":{"rendered":"CONTACTER"},"content":{"rendered":"<p>[vc_row full_width=&#8221;stretch_row_content&#8221; css=&#8221;.vc_custom_1465138815517{margin-top: 0px !important;margin-right: 0px !important;margin-left: 0px !important;border-right-width: 0px !important;border-left-width: 0px !important;padding-right: 0px !important;padding-left: 0px !important;}&#8221;][vc_column css=&#8221;.vc_custom_1463570943815{margin-right: 0px !important;margin-left: 0px !important;border-right-width: 0px !important;border-left-width: 0px !important;padding-right: 0px !important;padding-left: 0px !important;}&#8221;][vc_gmaps link=&#8221;#E-8_JTNDaWZyYW1lJTIwc3JjJTNEJTIyaHR0cHMlM0ElMkYlMkZ3d3cuZ29vZ2xlLmNvbSUyRm1hcHMlMkZlbWJlZCUzRnBiJTNEJTIxMW0xNCUyMTFtOCUyMTFtMyUyMTFkMzAyNi44NzQzNTM5MDgyMzg0JTIxMmQtMy43NTUwODUlMjEzZDQwLjY1NDclMjEzbTIlMjExaTEwMjQlMjEyaTc2OCUyMTRmMTMuMSUyMTNtMyUyMTFtMiUyMTFzMHhkNDE3ZTA3ZjBkOWY2ZDclMjUzQTB4N2FmZjViYTMyYzE0ZTg4NyUyMTJzRWRpdG9yaWFsJTJCU2FmZWxpeiUyMTVlMCUyMTNtMiUyMTFzZXMlMjEyc3B0JTIxNHYxNDY1OTg0NjU0MDc2JTIyJTIwd2lkdGglM0QlMjIxMDAlMjUlMjIlMjBoZWlnaHQlM0QlMjI2MDAlMjIlMjBmcmFtZWJvcmRlciUzRCUyMjAlMjIlMjBzY3JvbGxpbmclM0QlMjJubyUyMiUyMGFsbG93ZnVsbHNjcmVlbiUzRCUyMmFsbG93ZnVsbHNjcmVlbiUyMiUzRSUzQyUyRmlmcmFtZSUzRQ==&#8221; size=&#8221;650px&#8221; css=&#8221;.vc_custom_1465984880126{margin-right: 0px !important;margin-left: 0px !important;padding-right: 0px !important;padding-left: 0px !important;}&#8221;][\/vc_column][\/vc_row][vc_row css=&#8221;.vc_custom_1464401541564{margin-top: 45px !important;margin-right: 50px !important;margin-bottom: 55px !important;margin-left: 50px !important;}&#8221;][vc_column][vc_column_text]<\/p>\n<h1 style=\"font-size: 62px; font-family: Raleway; margin-bottom: 0px; color: #3b3b3b;\"><a style=\"font-weight: 200; font-size: 62px; color: #3b3b3b;\">CONTACTEZ<\/a>\u00a0<strong>NOUS<\/strong><\/h1>\n<p><a style=\"font-family: Merriweather; font-size: 13px; color: #717171;\">Nous sommes \u00e0 votre disposition pour vous aider<\/a><\/p>\n<p>[\/vc_column_text][\/vc_column][\/vc_row][vc_row css=&#8221;.vc_custom_1464401547909{margin-right: 50px !important;margin-bottom: 40px !important;margin-left: 50px !important;}&#8221;][vc_column width=&#8221;4\/12&#8243;][vc_column_text]<\/p>\n<div class=\"col-md-12 address\">\n<div class=\"fa fa-bookmark-o\"><\/div>\n<h4 style=\"font-size: 20px; color: #3b3b3b;\">si\u00e8ge:<\/h4>\n<\/div>\n<div class=\"col-md-12 addressAdd\" style=\"padding-left: 20px; margin-top: 15px;\">\n<h5 style=\"font-family: Raleway; padding-bottom: 5px; font-size: 14px;\">EDITORIAL SAFELIZ,S.L.<\/h5>\n<p>Pradillo,6<br \/>\nPol. Ind. La Mina<br \/>\nE-28770 Colmenar Viejo<br \/>\nMadrid (Espa\u00f1a)<\/p>\n<p>Tel. (+34) 91 845 98 77<br \/>\nFax (+34) 91 845 98 65<\/p><\/div>\n<p>[\/vc_column_text][\/vc_column][vc_column width=&#8221;8\/12&#8243;]\t<div id=\"ninja_forms_form_8_cont\" class=\"ninja-forms-cont\">\n\t\t<div id=\"ninja_forms_form_8_wrap\" class=\"ninja-forms-form-wrap\">\n\t<h2 class=\"ninja-forms-form-title\">envoyer un e-mail<\/h2><div id=\"ninja_forms_form_8_response_msg\" style=\"\" class=\"ninja-forms-response-msg \"><\/div>\t<form id=\"ninja_forms_form_8\" enctype=\"multipart\/form-data\" method=\"post\" name=\"\" action=\"https:\/\/safelizwellness.com\/wp-admin\/admin-ajax.php?action=ninja_forms_ajax_submit\" class=\"ninja-forms-form\">\n\n\t<input type=\"hidden\" id=\"_wpnonce\" name=\"_wpnonce\" value=\"8826f6b72c\" \/><input type=\"hidden\" name=\"_wp_http_referer\" value=\"\/fr\/wp-json\/wp\/v2\/pages\/1274\" \/>\t<input type=\"hidden\" name=\"_ninja_forms_display_submit\" value=\"1\">\n\t<input type=\"hidden\" name=\"_form_id\"  id=\"_form_id\" value=\"8\">\n\t\t<div class=\"hp-wrap\">\n\t\t<label>If you are a human and are seeing this field, please leave it blank.\t\t\t<input type=\"text\" value=\"\" name=\"_ZvTNy\">\n\t\t\t<input type=\"hidden\" value=\"_ZvTNy\" name=\"_hp_name\">\n\t\t<\/label>\n\t<\/div>\n\t\t<div id=\"ninja_forms_form_8_all_fields_wrap\" class=\"ninja-forms-all-fields-wrap\">\n\t\t\t<div class=\"ninja-forms-required-items\">(*) Donn\u00e9es obligatoires<\/div>\n\t\t\t\t\t\t\t\t<div class=\"field-wrap text-wrap label-inside\"  id=\"ninja_forms_field_19_div_wrap\" data-visible=\"1\">\n\t\t\t\t\t\t\t<input type=\"hidden\" id=\"ninja_forms_field_19_type\" value=\"text\">\n\t<input id=\"ninja_forms_field_19\" data-mask=\"\" data-input-limit=\"\" data-input-limit-type=\"char\" data-input-limit-msg=\"\" name=\"ninja_forms_field_19\" type=\"text\" placeholder=\"\" class=\"ninja-forms-field  ninja-forms-req \" value=\"Votre nom (*)\" rel=\"19\"   \/>\n\t\t\t<input type=\"hidden\" id=\"ninja_forms_field_19_label_hidden\" value=\"Votre nom (*)\">\n\t\t\t<div id=\"ninja_forms_field_19_error\" style=\"display:none;\" class=\"ninja-forms-field-error\">\n\t\t<\/div>\n\t\t\t\t\t\t\t<\/div>\n\t\t\t\t\t\t\t\t\t\t\t\t<div class=\"field-wrap text-wrap label-inside\"  id=\"ninja_forms_field_20_div_wrap\" data-visible=\"1\">\n\t\t\t\t\t\t\t<input type=\"hidden\" id=\"ninja_forms_field_20_type\" value=\"text\">\n\t<input id=\"ninja_forms_field_20\" data-mask=\"\" data-input-limit=\"\" data-input-limit-type=\"char\" data-input-limit-msg=\"\" name=\"ninja_forms_field_20\" type=\"text\" placeholder=\"\" class=\"ninja-forms-field  ninja-forms-req \" value=\"Votre e-mail (*)\" rel=\"20\"   \/>\n\t\t\t<input type=\"hidden\" id=\"ninja_forms_field_20_label_hidden\" value=\"Votre e-mail (*)\">\n\t\t\t<div id=\"ninja_forms_field_20_error\" style=\"display:none;\" class=\"ninja-forms-field-error\">\n\t\t<\/div>\n\t\t\t\t\t\t\t<\/div>\n\t\t\t\t\t\t\t\t\t\t\t\t<div class=\"field-wrap text-wrap label-inside\"  id=\"ninja_forms_field_21_div_wrap\" data-visible=\"1\">\n\t\t\t\t\t\t\t<input type=\"hidden\" id=\"ninja_forms_field_21_type\" value=\"text\">\n\t<input id=\"ninja_forms_field_21\" data-mask=\"\" data-input-limit=\"\" data-input-limit-type=\"char\" data-input-limit-msg=\"\" name=\"ninja_forms_field_21\" type=\"text\" placeholder=\"\" class=\"ninja-forms-field  ninja-forms-req \" value=\"Sujet (*)\" rel=\"21\"   \/>\n\t\t\t<input type=\"hidden\" id=\"ninja_forms_field_21_label_hidden\" value=\"Sujet (*)\">\n\t\t\t<div id=\"ninja_forms_field_21_error\" style=\"display:none;\" class=\"ninja-forms-field-error\">\n\t\t<\/div>\n\t\t\t\t\t\t\t<\/div>\n\t\t\t\t\t\t\t\t\t\t\t\t<div class=\"field-wrap textarea-wrap label-inside\"  id=\"ninja_forms_field_22_div_wrap\" data-visible=\"1\">\n\t\t\t\t\t\t\t<input type=\"hidden\" id=\"ninja_forms_field_22_type\" value=\"textarea\">\n\t\t<textarea name=\"ninja_forms_field_22\" id=\"ninja_forms_field_22\" class=\"ninja-forms-field  ninja-forms-req\" rel=\"22\" data-input-limit=\"\" data-input-limit-type=\"char\" data-input-limit-msg=\"\">Votre message (*)<\/textarea>\n\t\t\t\t<input type=\"hidden\" id=\"ninja_forms_field_22_label_hidden\" value=\"Votre message (*)\">\n\t\t\t<div id=\"ninja_forms_field_22_error\" style=\"display:none;\" class=\"ninja-forms-field-error\">\n\t\t<\/div>\n\t\t\t\t\t\t\t<\/div>\n\t\t\t\t\t\t\t<p class=\"ninja-forms-field  nf-desc\" id=\"ninja_forms_field_30_div_wrap\" style=\"\" rel=\"30\"><br\/><\/p>\n\t\t\t\t\t\t\t<div class=\"field-wrap checkbox-wrap label-above\"  id=\"ninja_forms_field_29_div_wrap\" data-visible=\"1\">\n\t\t\t\t\t\t\t<input type=\"hidden\" id=\"ninja_forms_field_29_type\" value=\"checkbox\">\n<input id=\"\" name=\"ninja_forms_field_29\" type=\"hidden\" value=\"unchecked\" \/><input id=\"ninja_forms_field_29\" name=\"ninja_forms_field_29\" type=\"checkbox\" class=\"ninja-forms-field \" value=\"checked\"  rel=\"29\"\/>\t<div id=\"ninja_forms_field_29_error\" style=\"display:none;\" class=\"ninja-forms-field-error\">\n\t\t<\/div>\n\t\t\t\t\t\t\t<\/div>\n\t\t\t\t\t\t\t\t\t\t\t\t<div class=\"field-wrap submit-wrap label-above\"  id=\"ninja_forms_field_23_div_wrap\" data-visible=\"1\">\n\t\t\t\t\t\t\t<input type=\"hidden\" id=\"ninja_forms_field_23_type\" value=\"submit\">\n\t<div id=\"nf_submit_8\">\n\t\t<input type=\"submit\" name=\"_ninja_forms_field_23\" class=\"ninja-forms-field \" id=\"ninja_forms_field_23\" value=\"Envoyer\" rel=\"23\" >\n\t<\/div>\n\t<div id=\"nf_processing_8\" style=\"display:none;\">\n\t\t<input type=\"submit\" name=\"_ninja_forms_field_23\" class=\"ninja-forms-field \" id=\"ninja_forms_field_23\" value=\"En traitement\" rel=\"23\" disabled>\n\t<\/div>\n\t\t<div id=\"ninja_forms_field_23_error\" style=\"display:none;\" class=\"ninja-forms-field-error\">\n\t\t<\/div>\n\t\t\t\t\t\t\t<\/div>\n\t\t\t\t\t\t\t<div class=\"ninja-forms-field  nf-desc\" id=\"ninja_forms_field_36_div_wrap\" style=\"\" rel=\"36\"><p><span style=\"font-size: 10px;\">En cumplimiento de la vigente normativa protectora de datos personales, y atendiendo de forma particular a lo dispuesto en los art\u00edculos 12 a 14 del RGPD, se le informa de que el responsable del tratamiento es EDITORIAL SAFELIZ, S.L. (en adelante, \u201cSAFELIZ\u201d), sita en Calle Pradillo 6, 28770 Colmenar Viejo, con CIF B28057164, correo electr\u00f3nico info@safeliz.com y sitio web www.safeliz.com<br \/>\nSus datos personales ser\u00e1n tratados por SAFELIZ para atender de forma integral su petici\u00f3n de informaci\u00f3n. Asimismo, tambi\u00e9n podr\u00e1n ser tratados con la finalidad de gestionar, en su caso, la posible relaci\u00f3n contractual que pueda derivarse de un eventual pedido de productos y servicios por su parte a trav\u00e9s de este formulario o cualquier otro dispuesto en l\u00ednea a trav\u00e9s del presente sitio web.<br \/>\nLa base leg\u00edtima del tratamiento es, con car\u00e1cter principal, el consentimiento del usuario, por lo que la falta de la aportaci\u00f3n de sus datos podr\u00e1 suponer la imposibilidad de tramitar su espec\u00edfica solicitud y\/o petici\u00f3n en este \u00e1mbito. En caso de solicitar la contrataci\u00f3n y\/o contratar un determinado producto o servicio de SAFELIZ la base de legitimaci\u00f3n del tratamiento de sus datos se refiere a la ejecuci\u00f3n de medidas precontractuales o de un contrato entre las partes a estos efectos.<br \/>\nCon car\u00e1cter general, sus datos no se ceder\u00e1n a terceros salvo que as\u00ed lo establezca o imponga una ley. Tampoco se realizar\u00e1n, a priori, transferencias internacionales de datos. En caso de concurrir, \u00e9stas se realizar\u00edan con las debidas garant\u00edas legales en consonancia a los art\u00edculos 44 y siguientes del RGPD.<br \/>\nSe le informa en virtud del art\u00edculo 30 de C\u00f3digo de Comercio Espa\u00f1ol sus datos se podr\u00e1n conservar al menos por seis (6) a\u00f1os, en particular, en aquellos casos que se deriven en la contrataci\u00f3n de productos y servicios por su parte.<br \/>\nDel mismo modo tambi\u00e9n se le informa que, para la mejor protecci\u00f3n de sus derechos, se ha nombrado a D. Ruben Oliveira Ferreira como DELEGADO\/A DE PROTECCI\u00d3N DE DATOS (DPD), -habi\u00e9ndose notificado sus datos a la Agencia Espa\u00f1ola de Protecci\u00f3n de Datos (AEPD)-, con quien podr\u00e1 ponerse en contacto a trav\u00e9s de la direcci\u00f3n postal Calle Pradillo 6, 28770 Colmenar Viejo, o correo electr\u00f3nico dpd@safeliz.com y tel\u00e9fono de contacto 918459877, en lo que respecta a todas las cuestiones relativas al tratamiento de sus datos personales y al ejercicio de sus derechos personales al amparo del RGPD.<br \/>\nPor \u00faltimo, se pone en su conocimiento que podr\u00e1 ejercitar sus derechos de acceso, rectificaci\u00f3n, supresi\u00f3n, limitaci\u00f3n del tratamiento, portabilidad de datos y oposici\u00f3n, dirigiendo una comunicaci\u00f3n por escrito a trav\u00e9s del correo electr\u00f3nico dpd@safeliz.com, con la Ref. \u201cEjercicio Derechos\u201d acompa\u00f1ando a su solicitud copia de su documento nacional de identidad o documento identificativo equivalente (pasaporte, N.I.E\u2026.). En caso de no considerar atendidos de forma debida sus derechos personales, podr\u00e1 presentar una reclamaci\u00f3n ante la autoridad de control competente, en este caso, la Agencia Espa\u00f1ola de Protecci\u00f3n de Datos , si bien le recomendamos contactar antes, a fin de resolver la posible situaci\u00f3n o conflicto, si as\u00ed lo estima, con el citado DPD.<\/span><\/p>\n<\/div>\n\t\t<\/div>\n\t\t<\/form>\n\t\t<\/div>\n\t\t<\/div>\n\t[\/vc_column][\/vc_row][vc_row full_width=&#8221;stretch_row&#8221; css=&#8221;.vc_custom_1464230093196{margin-top: 40px !important;margin-right: 0px !important;margin-bottom: 0px !important;margin-left: 0px !important;border-right-width: 0px !important;border-bottom-width: 0px !important;border-left-width: 0px !important;padding-right: 0px !important;padding-bottom: 0px !important;padding-left: 0px !important;}&#8221;][vc_column css=&#8221;.vc_custom_1464134649589{margin-top: 40px !important;margin-right: 0px !important;margin-bottom: 0px !important;margin-left: 0px !important;border-right-width: 0px !important;border-bottom-width: 0px !important;border-left-width: 0px !important;padding-right: 0px !important;padding-bottom: 0px !important;padding-left: 0px !important;}&#8221;][search_form display_type=&#8221;horizontal&#8221; section_title=&#8221;Vous avez besoin de trouver un livre?&#8221;][\/vc_column][\/vc_row]<\/p>","protected":false},"excerpt":{"rendered":"<p>[vc_row full_width=&#8221;stretch_row_content&#8221; css=&#8221;.vc_custom_1465138815517{margin-top: 0px !important;margin-right: 0px !important;margin-left: 0px !important;border-right-width: 0px !important;border-left-width: 0px !important;padding-right: 0px !important;padding-left: 0px !important;}&#8221;][vc_column css=&#8221;.vc_custom_1463570943815{margin-right: 0px !important;margin-left: 0px !important;border-right-width: 0px !important;border-left-width: 0px !important;padding-right: 0px !important;padding-left: 0px !important;}&#8221;][vc_gmaps link=&#8221;#E-8_JTNDaWZyYW1lJTIwc3JjJTNEJTIyaHR0cHMlM0ElMkYlMkZ3d3cuZ29vZ2xlLmNvbSUyRm1hcHMlMkZlbWJlZCUzRnBiJTNEJTIxMW0xNCUyMTFtOCUyMTFtMyUyMTFkMzAyNi44NzQzNTM5MDgyMzg0JTIxMmQtMy43NTUwODUlMjEzZDQwLjY1NDclMjEzbTIlMjExaTEwMjQlMjEyaTc2OCUyMTRmMTMuMSUyMTNtMyUyMTFtMiUyMTFzMHhkNDE3ZTA3ZjBkOWY2ZDclMjUzQTB4N2FmZjViYTMyYzE0ZTg4NyUyMTJzRWRpdG9yaWFsJTJCU2FmZWxpeiUyMTVlMCUyMTNtMiUyMTFzZXMlMjEyc3B0JTIxNHYxNDY1OTg0NjU0MDc2JTIyJTIwd2lkdGglM0QlMjIxMDAlMjUlMjIlMjBoZWlnaHQlM0QlMjI2MDAlMjIlMjBmcmFtZWJvcmRlciUzRCUyMjAlMjIlMjBzY3JvbGxpbmclM0QlMjJubyUyMiUyMGFsbG93ZnVsbHNjcmVlbiUzRCUyMmFsbG93ZnVsbHNjcmVlbiUyMiUzRSUzQyUyRmlmcmFtZSUzRQ==&#8221; size=&#8221;650px&#8221; css=&#8221;.vc_custom_1465984880126{margin-right: 0px !important;margin-left: 0px !important;padding-right: 0px !important;padding-left: 0px !important;}&#8221;][\/vc_column][\/vc_row][vc_row css=&#8221;.vc_custom_1464401541564{margin-top: 45px !important;margin-right: 50px !important;margin-bottom: 55px !important;margin-left: 50px !important;}&#8221;][vc_column][vc_column_text] CONTACTEZ\u00a0NOUS Nous sommes \u00e0 votre &hellip;<\/p>\n","protected":false},"author":10,"featured_media":0,"parent":0,"menu_order":0,"comment_status":"closed","ping_status":"closed","template":"page-templates\/composer.php","meta":[],"_links":{"self":[{"href":"https:\/\/safelizwellness.com\/fr\/wp-json\/wp\/v2\/pages\/1274"}],"collection":[{"href":"https:\/\/safelizwellness.com\/fr\/wp-json\/wp\/v2\/pages"}],"about":[{"href":"https:\/\/safelizwellness.com\/fr\/wp-json\/wp\/v2\/types\/page"}],"author":[{"embeddable":true,"href":"https:\/\/safelizwellness.com\/fr\/wp-json\/wp\/v2\/users\/10"}],"replies":[{"embeddable":true,"href":"https:\/\/safelizwellness.com\/fr\/wp-json\/wp\/v2\/comments?post=1274"}],"version-history":[{"count":97,"href":"https:\/\/safelizwellness.com\/fr\/wp-json\/wp\/v2\/pages\/1274\/revisions"}],"predecessor-version":[{"id":4514,"href":"https:\/\/safelizwellness.com\/fr\/wp-json\/wp\/v2\/pages\/1274\/revisions\/4514"}],"wp:attachment":[{"href":"https:\/\/safelizwellness.com\/fr\/wp-json\/wp\/v2\/media?parent=1274"}],"curies":[{"name":"wp","href":"https:\/\/api.w.org\/{rel}","templated":true}]}}