{"id":1149,"date":"2013-03-15T18:21:12","date_gmt":"2013-03-15T23:21:12","guid":{"rendered":"https:\/\/wptest.io\/demo\/?page_id=1086"},"modified":"2020-05-08T00:54:37","modified_gmt":"2020-05-08T00:54:37","slug":"la-editorial","status":"publish","type":"page","link":"https:\/\/safelizwellness.com\/fr\/la-editorial\/","title":{"rendered":"L&#8217; EDITORIAL"},"content":{"rendered":"<p>[vc_row css=&#8221;.vc_custom_1464476653828{margin-top: 115px !important;margin-right: 50px !important;margin-left: 50px !important;}&#8221;][vc_column css=&#8221;.vc_custom_1462565858144{margin-top: 100px !important;}&#8221;][vc_raw_html]JTNDaDElMjBjbGFzcyUzRCUyMmgxZmlyc3RsYWVkaXRvcmlhbCUyMiUzRUVESVRPUklBTCUyMFNBRkVMSVolMkMlM0MlMkZoMSUzRSUwQSUzQ2gxJTIwY2xhc3MlM0QlMjJoMXNlY29uZGxhZWRpdG9yaWFsJTIyJTNFUExVUyUyMERFJTIwQ0VOVCUyMEFOUyUyMEQlRTIlODAlOTlISVNUT0lSRSUzQyUyRmgxJTNF[\/vc_raw_html][\/vc_column][\/vc_row][vc_row equal_height=&#8221;yes&#8221; css=&#8221;.vc_custom_1464400094464{margin-top: 50px !important;margin-right: 50px !important;margin-bottom: 20px !important;margin-left: 50px !important;}&#8221;][vc_column width=&#8221;5\/12&#8243; css=&#8221;.vc_custom_1464135896562{margin-top: 0px !important;margin-right: 0px !important;margin-left: 0px !important;border-top-width: 0px !important;border-right-width: 0px !important;border-left-width: 0px !important;padding-right: 0px !important;padding-left: 0px !important;}&#8221; el_class=&#8221;boxtextonleft&#8221;][vc_column_text css=&#8221;.vc_custom_1475659498081{margin-top: 0px !important;margin-bottom: 0px !important;border-top-width: 0px !important;border-right-width: 1px !important;border-bottom-width: 0px !important;border-left-width: 0px !important;padding-top: 0px !important;padding-right: 20px !important;padding-bottom: 0px !important;padding-left: 0px !important;border-left-color: #c9c9c9 !important;border-left-style: solid !important;border-right-color: #c9c9c9 !important;border-right-style: solid !important;border-top-color: #c9c9c9 !important;border-top-style: solid !important;border-bottom-color: #c9c9c9 !important;border-bottom-style: solid !important;}&#8221; el_class=&#8221;text_la_editorial&#8221;]<\/p>\n<h5 style=\"margin-bottom: 10px; font-size: 20px;\">L&#8217;institution<\/h5>\n<p>Editorial Safeliz, S.L. est une compagnie d\u2019envergure internationale qui \u0153uvre dans tous les domaines en faveur de la sant\u00e9 et qui offre une orientation \u00e9ducative aux familles. D\u00e8s 1903, ses livres et revues se sont fix\u00e9 pour but de pr\u00e9venir, prot\u00e9ger et \u00e9duquer. Au d\u00e9but, ils furent diffus\u00e9s dans les rues et les maisons par des repr\u00e9sentants qui travaillaient sous diff\u00e9rents noms institutionnels. Safeliz, originellement d\u00e9nomm\u00e9e \u00ab Salud y Felicidad \u00bb (Bonheur et sant\u00e9), a r\u00e9ellement d\u00e9marr\u00e9 \u00e0 Barcelone en 1951. Son si\u00e8ge, d\u00e9plac\u00e9 d\u2019abord \u00e0 Madrid (rues San Francisco de Sales et Aravaca), se trouve depuis 2000 dans la localit\u00e9 madril\u00e8ne de Colmenar Viejo.<\/p>\n<p>[\/vc_column_text][\/vc_column][vc_column width=&#8221;7\/12&#8243; el_class=&#8221;boxtimgonleft&#8221; css=&#8221;.vc_custom_1464136152756{margin-top: 36px !important;margin-left: 30px !important;background-image: url(https:\/\/safelizwellness.com\/wp-content\/uploads\/2013\/03\/img.jpg?id=2697) !important;background-position: 0 0 !important;background-repeat: no-repeat !important;}&#8221;][\/vc_column][\/vc_row][vc_row equal_height=&#8221;yes&#8221; css=&#8221;.vc_custom_1464400102889{margin-top: 10px !important;margin-right: 50px !important;margin-bottom: 30px !important;margin-left: 50px !important;}&#8221;][vc_column width=&#8221;7\/12&#8243; el_class=&#8221;boxtimgonright&#8221; css=&#8221;.vc_custom_1465309515387{margin-top: 36px !important;margin-right: 30px !important;background-image: url(https:\/\/safelizwellness.com\/wp-content\/uploads\/2013\/03\/libros_varios-1.png?id=3813) !important;background-position: 0 0 !important;background-repeat: no-repeat !important;}&#8221;][\/vc_column][vc_column width=&#8221;5\/12&#8243; css=&#8221;.vc_custom_1462565174129{margin-top: 0px !important;margin-right: 0px !important;margin-left: 0px !important;border-top-width: 0px !important;border-right-width: 0px !important;border-left-width: 0px !important;padding-right: 0px !important;padding-left: 0px !important;}&#8221; el_class=&#8221;boxtextonleft&#8221;][vc_column_text css=&#8221;.vc_custom_1475659569648{margin-top: 0px !important;margin-bottom: 0px !important;border-top-width: 0px !important;border-right-width: 0px !important;border-bottom-width: 0px !important;border-left-width: 1px !important;padding-top: 0px !important;padding-bottom: 0px !important;padding-left: 20px !important;border-left-color: #c9c9c9 !important;border-left-style: solid !important;border-right-color: #c9c9c9 !important;border-right-style: solid !important;border-top-color: #c9c9c9 !important;border-top-style: solid !important;border-bottom-color: #c9c9c9 !important;border-bottom-style: solid !important;}&#8221; el_class=&#8221;text_la_editorial&#8221;]<\/p>\n<h5 style=\"margin-bottom: 10px; font-size: 20px;\">Vocation internationale<\/h5>\n<p>Editorial Safeliz, S.L. n\u2019a pourtant jamais cess\u00e9 de travailler par l\u2019interm\u00e9diaire d\u2019agents sp\u00e9cialis\u00e9s. Elle est la v\u00e9t\u00e9rane espagnole pionni\u00e8re dans la distribution \u00e0 domicile d\u2019ouvrages promouvant une vie saine et naturelle.<\/p>\n<p>La plupart de ceux-ci, r\u00e9dig\u00e9s originellement en espagnol, sont traduits dans les langues les plus importantes du monde : l\u2019anglais, le fran\u00e7ais, l\u2019allemand, le portugais (y compris sa variante, le br\u00e9silien), l\u2019arabe, l\u2019italien, etc., sans compter le roumain, le ch\u00e8que, le hongrois, le slovaque, le norv\u00e9gien, le russe, et bien d\u2019autres encore.<\/p>\n<p>[\/vc_column_text][\/vc_column][\/vc_row][vc_row css=&#8221;.vc_custom_1464400110558{margin-top: 60px !important;margin-right: 50px !important;margin-bottom: 80px !important;margin-left: 50px !important;}&#8221;][vc_column css=&#8221;.vc_custom_1464137093896{margin-top: 20px !important;margin-right: 0px !important;margin-left: 0px !important;padding-right: 0px !important;padding-left: 0px !important;}&#8221;][vc_column_text css=&#8221;.vc_custom_1465309185067{margin-top: 10px !important;margin-right: 0px !important;margin-left: 0px !important;padding-right: 0px !important;padding-left: 0px !important;}&#8221; el_class=&#8221;text_la_editorial&#8221;]<\/p>\n<h5>Philosophie<\/h5>\n<p>Sans parler de la conception soign\u00e9e des publications de Safeliz, la raison fondamentale de leur int\u00e9r\u00eat international r\u00e9side sans aucun doute dans la philosophie des \u00e9ditions. Nous sommes une maison aux genres et formats les plus vari\u00e9s (manuels, guides, livres de poche, revues, multim\u00e9dias, etc.) toujours centr\u00e9s sur un contenu tr\u00e8s sp\u00e9cifique, \u00e9ducation et sant\u00e9, et bas\u00e9s sur une approche positive et transparente de ces deux facettes humaines d\u00e9cisives.<br \/>De toutes nos publications \u00e9mane la conviction que la v\u00e9ritable \u00e9ducation consiste en un d\u00e9veloppement harmonieux de toutes les facult\u00e9s de l\u2019\u00eatre. En ce qui concerne la sant\u00e9, nous mettons toujours en parall\u00e8le les derniers progr\u00e8s de la science avec les meilleurs traitements naturels, tout en rappelant les agents les plus pr\u00e9cieux pour la sant\u00e9 : alimentation, eau, terre, soleil, air, exercice physique, repos, abstinence de produits toxiques et bonne attitude mentale, soit toute la sagesse disponible au service de la sant\u00e9 int\u00e9grale de l\u2019\u00eatre humain consid\u00e9r\u00e9 dans ses dimensions physiques, mentales, sociales et spirituelles.[\/vc_column_text][\/vc_column][\/vc_row][vc_row full_width=&#8221;stretch_row&#8221; css=&#8221;.vc_custom_1464400154528{margin-right: 0px !important;margin-left: 0px !important;padding-right: 0px !important;padding-left: 0px !important;}&#8221;][vc_column][search_form display_type=&#8221;horizontal&#8221; section_title=&#8221;Vous avez besoin de trouver un livre?&#8221;][\/vc_column][\/vc_row]<\/p>\n\n\n<p><\/p>","protected":false},"excerpt":{"rendered":"<p>[vc_row css=&#8221;.vc_custom_1464476653828{margin-top: 115px !important;margin-right: 50px !important;margin-left: 50px !important;}&#8221;][vc_column css=&#8221;.vc_custom_1462565858144{margin-top: 100px !important;}&#8221;][vc_raw_html]JTNDaDElMjBjbGFzcyUzRCUyMmgxZmlyc3RsYWVkaXRvcmlhbCUyMiUzRUVESVRPUklBTCUyMFNBRkVMSVolMkMlM0MlMkZoMSUzRSUwQSUzQ2gxJTIwY2xhc3MlM0QlMjJoMXNlY29uZGxhZWRpdG9yaWFsJTIyJTNFUExVUyUyMERFJTIwQ0VOVCUyMEFOUyUyMEQlRTIlODAlOTlISVNUT0lSRSUzQyUyRmgxJTNF[\/vc_raw_html][\/vc_column][\/vc_row][vc_row equal_height=&#8221;yes&#8221; css=&#8221;.vc_custom_1464400094464{margin-top: 50px !important;margin-right: 50px !important;margin-bottom: 20px !important;margin-left: 50px !important;}&#8221;][vc_column width=&#8221;5\/12&#8243; css=&#8221;.vc_custom_1464135896562{margin-top: 0px !important;margin-right: 0px !important;margin-left: 0px !important;border-top-width: 0px !important;border-right-width: 0px !important;border-left-width: 0px !important;padding-right: 0px !important;padding-left: 0px !important;}&#8221; el_class=&#8221;boxtextonleft&#8221;][vc_column_text css=&#8221;.vc_custom_1475659498081{margin-top: 0px !important;margin-bottom: 0px !important;border-top-width: 0px !important;border-right-width: 1px !important;border-bottom-width: 0px !important;border-left-width: 0px !important;padding-top: 0px !important;padding-right: &hellip;<\/p>\n","protected":false},"author":10,"featured_media":0,"parent":0,"menu_order":0,"comment_status":"closed","ping_status":"closed","template":"page-templates\/composer.php","meta":[],"_links":{"self":[{"href":"https:\/\/safelizwellness.com\/fr\/wp-json\/wp\/v2\/pages\/1149"}],"collection":[{"href":"https:\/\/safelizwellness.com\/fr\/wp-json\/wp\/v2\/pages"}],"about":[{"href":"https:\/\/safelizwellness.com\/fr\/wp-json\/wp\/v2\/types\/page"}],"author":[{"embeddable":true,"href":"https:\/\/safelizwellness.com\/fr\/wp-json\/wp\/v2\/users\/10"}],"replies":[{"embeddable":true,"href":"https:\/\/safelizwellness.com\/fr\/wp-json\/wp\/v2\/comments?post=1149"}],"version-history":[{"count":133,"href":"https:\/\/safelizwellness.com\/fr\/wp-json\/wp\/v2\/pages\/1149\/revisions"}],"predecessor-version":[{"id":5996,"href":"https:\/\/safelizwellness.com\/fr\/wp-json\/wp\/v2\/pages\/1149\/revisions\/5996"}],"wp:attachment":[{"href":"https:\/\/safelizwellness.com\/fr\/wp-json\/wp\/v2\/media?parent=1149"}],"curies":[{"name":"wp","href":"https:\/\/api.w.org\/{rel}","templated":true}]}}