{"id":2616,"date":"2016-04-26T22:49:28","date_gmt":"2016-04-26T22:49:28","guid":{"rendered":"https:\/\/safelizwellness.com\/?page_id=2616"},"modified":"2018-05-31T12:17:36","modified_gmt":"2018-05-31T12:17:36","slug":"legal-notice","status":"publish","type":"page","link":"https:\/\/safelizwellness.com\/en\/legal-notice\/","title":{"rendered":"Legal Notice"},"content":{"rendered":"<p>&nbsp;<\/p>\n<p style=\"text-align: left;\">En cumplimiento de la vigente normativa protectora de datos personales, se le informa de que el responsable del tratamiento es EDITORIAL SAFELIZ, S.L. (en adelante, \u201cSAFELIZ\u201d), sita en Calle Pradillo 6, 28770 Colmenar Viejo, con CIF B28057164, correo electr\u00f3nico info@safeliz.com y sitio web www.safeliz.com.<\/p>\n<p>&nbsp;<\/p>\n<p style=\"text-align: left;\">Sus datos personales son tratados por SAFELIZ con la finalidad de mantenerle puntualmente informado de todas aquellas novedades, informaciones, ofertas, descuentos, ventajas, promociones en torno a productos y\/o servicios de SAFELIZ que puedan ser de su inter\u00e9s. \u00a0Asimismo, sus datos personales tambi\u00e9n podr\u00e1n ser tratados con la finalidad de gestionar la posible relaci\u00f3n contractual que pueda derivarse de un eventual pedido de bienes o servicios con ocasi\u00f3n de las comunicaciones y\/o informaci\u00f3n que hubiera recibido en este \u00e1mbito.<\/p>\n<p>&nbsp;<\/p>\n<p style=\"text-align: left;\">La base leg\u00edtima del tratamiento es, con car\u00e1cter principal, el consentimiento del interesado, que tendr\u00e1 derecho a revocar en cualquier momento con la simple notificaci\u00f3n de su voluntad al remitente, aunque ello no afecte a la licitud del tratamiento previo a su retirada. Si usted no desea seguir recibiendo estas comunicaciones o newsletter, por favor, pinche aqu\u00ed \u00a0y tramitaremos su derecho de oposici\u00f3n y solicitud espec\u00edfica de baja del servicio. Si nos hubiera habilitado a la comunicaci\u00f3n de sus datos a terceros, SAFELIZ informar\u00e1 debidamente de su solicitud de baja a los mismos efectos descritos con anterioridad.<\/p>\n<p>&nbsp;<\/p>\n<p style=\"text-align: left;\">Del mismo modo tambi\u00e9n se le informa que, para la mejor protecci\u00f3n de sus derechos, se ha nombrado a D. Ruben Oliveira Ferreira, como DELEGADO\/A DE PROTECCI\u00d3N DE DATOS (DPD), -habi\u00e9ndose notificado sus datos a la Agencia Espa\u00f1ola de Protecci\u00f3n de Datos (AEPD)-, con quien podr\u00e1 ponerse en contacto a trav\u00e9s de la direcci\u00f3n postal o correo electr\u00f3nico dpd(arroba)safeliz.com y tel\u00e9fono de contacto 918 459 877 en lo que respecta a todas las cuestiones relativas al tratamiento de sus datos personales y al ejercicio de sus derechos personales al amparo del RGPD.<\/p>\n<p>&nbsp;<\/p>\n<p style=\"text-align: left;\">Por \u00faltimo, se pone en su conocimiento que podr\u00e1 ejercitar sus derechos de acceso, rectificaci\u00f3n, supresi\u00f3n, limitaci\u00f3n del tratamiento, portabilidad de datos y oposici\u00f3n, dirigiendo una comunicaci\u00f3n por escrito a trav\u00e9s del correo electr\u00f3nico dpd(arroba)safeliz.com con la Ref. \u201cEjercicio Derechos\u201d acompa\u00f1ando a su solicitud copia de su documento nacional de identidad o documento identificativo equivalente (pasaporte, N.I.E\u2026.). En caso de no considerar atendidos de forma debida sus derechos personales, podr\u00e1 presentar una reclamaci\u00f3n ante la autoridad de control competente, en este caso, la Agencia Espa\u00f1ola de Protecci\u00f3n de Datos, si bien le recomendamos contactar antes a fin de resolver la posible situaci\u00f3n o conflicto, si as\u00ed lo estima, con el citado DPD.<\/p>\n","protected":false},"excerpt":{"rendered":"<p>&nbsp; En cumplimiento de la vigente normativa protectora de datos personales, se le informa de que el responsable del tratamiento es EDITORIAL SAFELIZ, S.L. (en adelante, \u201cSAFELIZ\u201d), sita en Calle Pradillo 6, 28770 Colmenar Viejo, con CIF B28057164, correo electr\u00f3nico info@safeliz.com y sitio web www.safeliz.com. &nbsp; Sus datos personales son tratados por SAFELIZ con la &hellip;<\/p>\n","protected":false},"author":886,"featured_media":0,"parent":0,"menu_order":0,"comment_status":"closed","ping_status":"closed","template":"","meta":[],"_links":{"self":[{"href":"https:\/\/safelizwellness.com\/en\/wp-json\/wp\/v2\/pages\/2616"}],"collection":[{"href":"https:\/\/safelizwellness.com\/en\/wp-json\/wp\/v2\/pages"}],"about":[{"href":"https:\/\/safelizwellness.com\/en\/wp-json\/wp\/v2\/types\/page"}],"author":[{"embeddable":true,"href":"https:\/\/safelizwellness.com\/en\/wp-json\/wp\/v2\/users\/886"}],"replies":[{"embeddable":true,"href":"https:\/\/safelizwellness.com\/en\/wp-json\/wp\/v2\/comments?post=2616"}],"version-history":[{"count":10,"href":"https:\/\/safelizwellness.com\/en\/wp-json\/wp\/v2\/pages\/2616\/revisions"}],"predecessor-version":[{"id":5374,"href":"https:\/\/safelizwellness.com\/en\/wp-json\/wp\/v2\/pages\/2616\/revisions\/5374"}],"wp:attachment":[{"href":"https:\/\/safelizwellness.com\/en\/wp-json\/wp\/v2\/media?parent=2616"}],"curies":[{"name":"wp","href":"https:\/\/api.w.org\/{rel}","templated":true}]}}